{"id":288,"date":"2026-05-11T09:57:18","date_gmt":"2026-05-11T07:57:18","guid":{"rendered":"https:\/\/www.vdmp.at\/betriebsmittel\/?post_type=product&#038;p=288"},"modified":"2026-05-11T09:57:18","modified_gmt":"2026-05-11T07:57:18","slug":"p-pill-4-stueck-vuxxx","status":"publish","type":"product","link":"https:\/\/www.vdmp.at\/betriebsmittel\/produkt\/p-pill-4-stueck-vuxxx\/","title":{"rendered":"P-Pill 1 Packung = 4 St\u00fcck"},"content":{"rendered":"<p>Wichtig!<br \/>\nVerwenden Sie keine scharfkantigen, geraden oder zu kurzen Eingeber.<br \/>\nDer Eingeber muss perfekt sein!<br \/>\nBenutzen Sie unseren handlichen und sanften Eingeber SENIOR.<br \/>\nSENIOR. Der erste ergonomische Pilleneingeber.<br \/>\nSie m\u00f6chten unseren SENIOR gratis?<br \/>\nSchreiben Sie uns eine Mail an office@vuxxx.eu oder rufen Sie uns an: +49 4961 982880.<\/p>\n<p>&nbsp;<\/p>\n<p>Handelsform: 4 Pillen<\/p>\n<p>\u2713 Zur Phosphorversorgung von Milchk\u00fchen.<br \/>\n\u2713 P-PILL besteht aus Mononatriumphosphat.<br \/>\n\u2713 Steigert den Phosphor-Gehalt im Blut von 3 bis 24 Stunden nach Gabe.<br \/>\n\u2713 Wissenschaftlich gepr\u00fcft &amp; GMP+ FSA gesichert.<br \/>\n\u2713 Millionenfach bew\u00e4hrt!<\/p>\n<p>Wof\u00fcr ist die P-PILL?<br \/>\nZur Phosphorversorgung.<\/p>\n<p>Wie wirksam ist die P-PILL?<br \/>\nWissenschaftliche Pr\u00fcfungen haben gezeigt, dass die P-PILL den Phosphat-Gehalt im Blut innerhalb von 3 bis 24 Stunden nach Gabe anhebt.<\/p>\n<p>Worin liegt der Vorteil der P-PILL?<br \/>\nSie h\u00e4lt l\u00e4nger an.<\/p>\n<p>Woraus besteht die P-PILL?<br \/>\nAus Mononatriumphosphat.<\/p>\n<p>Inhaltsangabe<br \/>\nMineral-Erg\u00e4nzungsfuttermittel f\u00fcr Milchk\u00fche: Mononatriumphosphat, Natriumchlorid.<br \/>\nAnalytische Bestandteile (%): Phosphor: 15, Natrium: 11.<\/p>\n<p>Welchen K\u00fchen P-PILL geben?<br \/>\nBei Phosphormangel.<\/p>\n<p>Wann P-PILL geben?<br \/>\n2 Pillen bei Bedarf.<\/p>\n<p>Inhalt:<br \/>\nMononatriumphosphat, Natriumchlorid (Analytische Bestandteile (%): Phosphor: 15, Natrium: 11)<\/p>\n<p>Anwendung:<br \/>\n2 Pillen bei Bedarf.<\/p>\n<p>St\u00fcckzahl\/g:<br \/>\n4 x 115 g<\/p>\n<p>Los\/Mindestens haltbar bis:<br \/>\nsiehe Aufdruck.<\/p>\n","protected":false},"excerpt":{"rendered":"<p>1 Packung = 4 St\u00fcck<\/p>\n","protected":false},"featured_media":293,"comment_status":"open","ping_status":"closed","template":"","meta":[],"product_brand":[],"product_cat":[26,27],"product_tag":[],"class_list":{"0":"post-288","1":"product","2":"type-product","3":"status-publish","4":"has-post-thumbnail","6":"product_cat-betriebsmittel","7":"product_cat-tierergaenzungsfuttermittel","9":"first","10":"instock","11":"taxable","12":"shipping-taxable","13":"purchasable","14":"product-type-simple"},"_links":{"self":[{"href":"https:\/\/www.vdmp.at\/betriebsmittel\/wp-json\/wp\/v2\/product\/288","targetHints":{"allow":["GET"]}}],"collection":[{"href":"https:\/\/www.vdmp.at\/betriebsmittel\/wp-json\/wp\/v2\/product"}],"about":[{"href":"https:\/\/www.vdmp.at\/betriebsmittel\/wp-json\/wp\/v2\/types\/product"}],"replies":[{"embeddable":true,"href":"https:\/\/www.vdmp.at\/betriebsmittel\/wp-json\/wp\/v2\/comments?post=288"}],"wp:featuredmedia":[{"embeddable":true,"href":"https:\/\/www.vdmp.at\/betriebsmittel\/wp-json\/wp\/v2\/media\/293"}],"wp:attachment":[{"href":"https:\/\/www.vdmp.at\/betriebsmittel\/wp-json\/wp\/v2\/media?parent=288"}],"wp:term":[{"taxonomy":"product_brand","embeddable":true,"href":"https:\/\/www.vdmp.at\/betriebsmittel\/wp-json\/wp\/v2\/product_brand?post=288"},{"taxonomy":"product_cat","embeddable":true,"href":"https:\/\/www.vdmp.at\/betriebsmittel\/wp-json\/wp\/v2\/product_cat?post=288"},{"taxonomy":"product_tag","embeddable":true,"href":"https:\/\/www.vdmp.at\/betriebsmittel\/wp-json\/wp\/v2\/product_tag?post=288"}],"curies":[{"name":"wp","href":"https:\/\/api.w.org\/{rel}","templated":true}]}}