{"id":317,"date":"2026-05-11T09:57:18","date_gmt":"2026-05-11T07:57:18","guid":{"rendered":"https:\/\/www.vdmp.at\/betriebsmittel\/?post_type=product&#038;p=317"},"modified":"2026-05-11T09:57:18","modified_gmt":"2026-05-11T07:57:18","slug":"p-pill-4-stueck-vuxxx-kopie","status":"publish","type":"product","link":"https:\/\/www.vdmp.at\/betriebsmittel\/produkt\/p-pill-4-stueck-vuxxx-kopie\/","title":{"rendered":"CA-Pill 1 Packung = 4 St\u00fcck"},"content":{"rendered":"<p>Wichtig!<br \/>\nVerwenden Sie keine scharfkantigen, geraden oder zu kurzen Eingeber.<br \/>\nDer Eingeber muss perfekt sein!<br \/>\nBenutzen Sie unseren handlichen und sanften Eingeber SENIOR.<br \/>\nSENIOR. Der erste ergonomische Pilleneingeber.<br \/>\nSie m\u00f6chten unseren SENIOR gratis?<br \/>\nSchreiben Sie uns eine Mail an office@vuxxx.eu oder rufen Sie uns an: +49 4961 982880.<\/p>\n<p>&nbsp;<\/p>\n<p>Handelsform: 4 Pillen<\/p>\n<p>\u2713 Zur Calciumversorgung direkt nach der Abkalbung.<br \/>\n\u2713 Mehr Calcium &#8211; weniger Milchfieber.<br \/>\n\u2713 F\u00fcr alle K\u00fche ab der zweiten Abkalbung, die Gefahr von Geb\u00e4rl\u00e4hmung nimmt mit dem Alter zu.<br \/>\n\u2713 Ca-PILL besteht aus Calciumacetat (Essig-Calcium), Essigs\u00e4ure ist eine nat\u00fcrliche Pansens\u00e4ure.<br \/>\n\u2713 Ohne Calciumchlorid &#8211; kein Magengeschw\u00fcr.<br \/>\n\u2713 Wissenschaftlich gepr\u00fcft &amp; GMP+ FSA gesichert.<br \/>\n\u2713 Millionenfach bew\u00e4hrt!<\/p>\n<p><strong>Wof\u00fcr ist die Ca-PILL?<\/strong><\/p>\n<p>Zur Calciumversorgung gleich nach der Abkalbung.<br \/>\nMehr Calcium \u2013 weniger Geb\u00e4rl\u00e4hmung.<\/p>\n<p><strong>Wie wirksam ist die Ca-PILL?<\/strong><br \/>\nWissenschaftliche Pr\u00fcfungen haben gezeigt,<br \/>\ndass die Ca-PILL den Calciumgehalt im Blut<br \/>\nvon 1 bis 24 Stunden nach Gabe erh\u00f6ht.<\/p>\n<p><strong>Was ist nat\u00fcrlicher?<\/strong><br \/>\nDie Ca-PILL besteht aus Essig-Calcium<br \/>\n(Calciumacetat). Essigs\u00e4ure ist eine nat\u00fcrliche<br \/>\nPansens\u00e4ure.<\/p>\n<p><strong>Was ist neu?<\/strong><br \/>\nDie Ca-PILL ist die erste biologische Calcium-Pille.<br \/>\nKein Calciumchlorid \u2013 kein Magengeschw\u00fcr.<\/p>\n<p><strong>Inhaltsangabe:<\/strong><br \/>\nMineral-Erg\u00e4nzungsfuttermittel f\u00fcr Milchk\u00fche: Calciumstearat, Natriumchlorid.<br \/>\nTechnologische Zusatzstoffe (g\/kg): Calciumacetat: 920.<br \/>\nAnalytische Bestandteile (%): Calcium: 22, Natrium: 0,4.<\/p>\n<p><strong>Welchen K\u00fchen geben?<\/strong><br \/>\nF\u00fcr alle K\u00fche ab der zweiten Abkalbung. Die Gefahr<br \/>\nvon Geb\u00e4rl\u00e4hmung nimmt mit dem Alter zu.<\/p>\n<p><strong><br \/>\nWie gef\u00e4hrlich ist Geb\u00e4rl\u00e4hmung?<\/strong><br \/>\nEs besteht erh\u00f6hte Gefahr von Muskelsch\u00e4den<br \/>\ndurch langes Liegen, Verletzungen bei Aufstehversuchen<br \/>\nund vorzeitigem Abgang aus der Herde.<\/p>\n<p><strong>Wann geben?<\/strong><br \/>\n2 Pillen am Tag der Abkalbung.<br \/>\n2 Pillen am Tag danach.<\/p>\n<p><strong>Was kostet Geb\u00e4rl\u00e4hmung?<\/strong><br \/>\nEtwa \u20ac 350 je Fall. Die Kosten entstehen durch<br \/>\nBehandlung, Mehrarbeit, geringere Milchleistung,<br \/>\ngeringere Fruchtbarkeit, erh\u00f6hte Gefahr von<br \/>\nWehenschw\u00e4che, Nachgeburtsverhalten,<br \/>\nZitzenverletzung, Euterentz\u00fcndung, Ketose<br \/>\nund Labmagenverlagerung.<\/p>\n<p>Inhalt:<br \/>\nCalciumstearat, Natriumchlorid.<br \/>\nTechnologische Zusatzstoffe (g\/kg): Calciumacetat: 920.<br \/>\nAnalytische Bestandteile (%): Calcium: 22, Natrium: 0,4.<\/p>\n<p>Anwendung:<br \/>\n2 Pillen am Tag der Abkalbung.<br \/>\n2 Pillen am Tag danach.<\/p>\n<p>St\u00fcckzahl\/g:<br \/>\n4 x 85 g<\/p>\n<p>Los\/Mindestens haltbar bis:<br \/>\nsiehe Aufdruck.<\/p>\n","protected":false},"excerpt":{"rendered":"<p>1 Packung = 4 St\u00fcck<\/p>\n","protected":false},"featured_media":292,"comment_status":"open","ping_status":"closed","template":"","meta":[],"product_brand":[],"product_cat":[26,27],"product_tag":[],"class_list":{"0":"post-317","1":"product","2":"type-product","3":"status-publish","4":"has-post-thumbnail","6":"product_cat-betriebsmittel","7":"product_cat-tierergaenzungsfuttermittel","9":"first","10":"instock","11":"taxable","12":"shipping-taxable","13":"purchasable","14":"product-type-simple"},"_links":{"self":[{"href":"https:\/\/www.vdmp.at\/betriebsmittel\/wp-json\/wp\/v2\/product\/317","targetHints":{"allow":["GET"]}}],"collection":[{"href":"https:\/\/www.vdmp.at\/betriebsmittel\/wp-json\/wp\/v2\/product"}],"about":[{"href":"https:\/\/www.vdmp.at\/betriebsmittel\/wp-json\/wp\/v2\/types\/product"}],"replies":[{"embeddable":true,"href":"https:\/\/www.vdmp.at\/betriebsmittel\/wp-json\/wp\/v2\/comments?post=317"}],"wp:featuredmedia":[{"embeddable":true,"href":"https:\/\/www.vdmp.at\/betriebsmittel\/wp-json\/wp\/v2\/media\/292"}],"wp:attachment":[{"href":"https:\/\/www.vdmp.at\/betriebsmittel\/wp-json\/wp\/v2\/media?parent=317"}],"wp:term":[{"taxonomy":"product_brand","embeddable":true,"href":"https:\/\/www.vdmp.at\/betriebsmittel\/wp-json\/wp\/v2\/product_brand?post=317"},{"taxonomy":"product_cat","embeddable":true,"href":"https:\/\/www.vdmp.at\/betriebsmittel\/wp-json\/wp\/v2\/product_cat?post=317"},{"taxonomy":"product_tag","embeddable":true,"href":"https:\/\/www.vdmp.at\/betriebsmittel\/wp-json\/wp\/v2\/product_tag?post=317"}],"curies":[{"name":"wp","href":"https:\/\/api.w.org\/{rel}","templated":true}]}}