{"id":338,"date":"2026-05-11T09:57:18","date_gmt":"2026-05-11T07:57:18","guid":{"rendered":"https:\/\/www.vdmp.at\/betriebsmittel\/?post_type=product&#038;p=338"},"modified":"2026-05-11T09:57:18","modified_gmt":"2026-05-11T07:57:18","slug":"bi-pill-4-stueck-vuxxx","status":"publish","type":"product","link":"https:\/\/www.vdmp.at\/betriebsmittel\/produkt\/bi-pill-4-stueck-vuxxx\/","title":{"rendered":"BI-Pill 1 Packung = 20 St\u00fcck"},"content":{"rendered":"<p>Wichtig!<br \/>\nVerwenden Sie keine scharfkantigen, geraden oder zu kurzen Eingeber.<br \/>\nDer Eingeber muss perfekt sein!<br \/>\nBenutzen Sie unseren handlichen und sanften Eingeber JUNIOR.<br \/>\nJUNIOR. Der erste ergonomische Bi-PILL-Eingeber bei K\u00e4lberdurchfall.<br \/>\nSie m\u00f6chten unseren JUNIOR gratis?<br \/>\nSchreiben Sie uns eine Mail an office@vuxxx.eu oder rufen Sie uns an: +49 4961 982880.<\/p>\n<p>\u2713 Erste Anzeichen von K\u00e4lberdurchfall.<br \/>\n\u2713 Kalb s\u00e4uft schlecht und verliert Fl\u00fcssigkeit\/Puffer.<br \/>\n\u2713 Gefahr: \u00dcbers\u00e4uerung (Azidose), Austrocknen (Dehydration).<br \/>\n\u2713 L\u00f6sung: Bei den ersten Anzeichen Bi-PILL geben&#8230;<br \/>\n\u2713 Bi-PILL besteht aus Natriumbicarbonat, ein sehr wirksamer Puffer.<br \/>\n\u2713 Kalb s\u00e4uft wieder.<br \/>\n\u2713 Wissenschaftlich gepr\u00fcft und GMP+ FSA gesichert.<br \/>\n\u2713 Millionenfach bew\u00e4hrt!<\/p>\n<p>&nbsp;<\/p>\n<p><strong>Warum saufen K\u00e4lber bei Durchfall schlecht?<\/strong><br \/>\nWeil sie an \u00dcbers\u00e4uerung (Azidose) leiden.<\/p>\n<p><strong>Was ist \u00dcbers\u00e4uerung?<\/strong><br \/>\nK\u00e4lber verlieren bei Durchfall au\u00dfer Fl\u00fcssigkeit auch<br \/>\nPuffer. Sie trocknen aus und \u00fcbers\u00e4uern.<\/p>\n<p><strong>Wie wirkt die Bi-PILL?<\/strong><br \/>\nSie puffert die \u00dcbers\u00e4uerung im Blut und im<br \/>\nPansen. Die K\u00e4lber saufen wieder.<\/p>\n<p><strong>Was tun?<\/strong><br \/>\nSofort bei den ersten Anzeichen von Durchfall Bi-PILL<br \/>\ngeben. 1 Pille sofort und je 1 Pille nach den<br \/>\nn\u00e4chsten 3 Mahlzeiten. Bi-PILL vorr\u00e4tig halten.<\/p>\n<p><strong>Was tun bei Mutterkuhhaltung?<\/strong><br \/>\n4 Bi-PILL auf einmal geben.<\/p>\n<p><strong>Woraus besteht die Bi-PILL?<\/strong><br \/>\nNatriumbicarbonat \u2013 ein sehr wirksamer Puffer.<\/p>\n<p><strong>Inhaltsangabe:<\/strong><br \/>\nMineral-Erg\u00e4nzungsfuttermittel f\u00fcr K\u00e4lber: Natriumbicarbonat, Natriumchlorid.<br \/>\nAnalytische Bestandteile (%): Natrium: 26.<\/p>\n<p><strong>Was ist die Bi-PILL rechtlich?<\/strong><br \/>\nMineral-Erg\u00e4nzungsfuttermittel.<br \/>\nGMP+ FSA gesichert. Geeignet f\u00fcr Biobetriebe.<\/p>\n<p><strong>Was kostet K\u00e4lberdurchfall?<\/strong><br \/>\nLeichter Durchfall \u20ac 108, schwerer Durchfall \u20ac 263<br \/>\nje Fall. Wegen Behandlung, mehr Arbeit, mehr<br \/>\nAufzuchttagen und Verenden.<\/p>\n<p>Inhalt:<br \/>\nNatriumbicarbonat, Natriumchlorid. Analytische Bestandteile (%): Natrium: 26.<\/p>\n<p>Anwendung:<br \/>\n1 Pille sofort und je 1 Pille nach den<br \/>\nn\u00e4chsten 3 Mahlzeiten.<\/p>\n<p>St\u00fcckzahl\/g:<br \/>\n20 x 9 g.<\/p>\n<p>Los\/Mindestens haltbar bis:<br \/>\nsiehe Aufdruck.<\/p>\n","protected":false},"excerpt":{"rendered":"<p>1 Packung = 20 St\u00fcck<\/p>\n","protected":false},"featured_media":289,"comment_status":"open","ping_status":"closed","template":"","meta":[],"product_brand":[],"product_cat":[26,27],"product_tag":[],"class_list":{"0":"post-338","1":"product","2":"type-product","3":"status-publish","4":"has-post-thumbnail","6":"product_cat-betriebsmittel","7":"product_cat-tierergaenzungsfuttermittel","9":"first","10":"instock","11":"taxable","12":"shipping-taxable","13":"purchasable","14":"product-type-simple"},"_links":{"self":[{"href":"https:\/\/www.vdmp.at\/betriebsmittel\/wp-json\/wp\/v2\/product\/338","targetHints":{"allow":["GET"]}}],"collection":[{"href":"https:\/\/www.vdmp.at\/betriebsmittel\/wp-json\/wp\/v2\/product"}],"about":[{"href":"https:\/\/www.vdmp.at\/betriebsmittel\/wp-json\/wp\/v2\/types\/product"}],"replies":[{"embeddable":true,"href":"https:\/\/www.vdmp.at\/betriebsmittel\/wp-json\/wp\/v2\/comments?post=338"}],"wp:featuredmedia":[{"embeddable":true,"href":"https:\/\/www.vdmp.at\/betriebsmittel\/wp-json\/wp\/v2\/media\/289"}],"wp:attachment":[{"href":"https:\/\/www.vdmp.at\/betriebsmittel\/wp-json\/wp\/v2\/media?parent=338"}],"wp:term":[{"taxonomy":"product_brand","embeddable":true,"href":"https:\/\/www.vdmp.at\/betriebsmittel\/wp-json\/wp\/v2\/product_brand?post=338"},{"taxonomy":"product_cat","embeddable":true,"href":"https:\/\/www.vdmp.at\/betriebsmittel\/wp-json\/wp\/v2\/product_cat?post=338"},{"taxonomy":"product_tag","embeddable":true,"href":"https:\/\/www.vdmp.at\/betriebsmittel\/wp-json\/wp\/v2\/product_tag?post=338"}],"curies":[{"name":"wp","href":"https:\/\/api.w.org\/{rel}","templated":true}]}}