{"id":418,"date":"2025-12-19T19:28:33","date_gmt":"2025-12-19T18:28:33","guid":{"rendered":"https:\/\/www.vdmp.at\/betriebsmittel\/?post_type=product&#038;p=418"},"modified":"2026-05-11T10:07:13","modified_gmt":"2026-05-11T08:07:13","slug":"melkperfekt-sauer-fluessig-25-kg","status":"publish","type":"product","link":"https:\/\/www.vdmp.at\/betriebsmittel\/produkt\/melkperfekt-sauer-fluessig-25-kg\/","title":{"rendered":"MelkPerfekt sauer fl\u00fcssig 25 kg"},"content":{"rendered":"","protected":false},"excerpt":{"rendered":"<p>Auch f\u00fcr Hei\u00dfwasseranlagen DeLaval\/Gea geeignet!<\/p>\n","protected":false},"featured_media":1608,"comment_status":"open","ping_status":"closed","template":"","meta":[],"product_brand":[],"product_cat":[26,54],"product_tag":[],"class_list":{"0":"post-418","1":"product","2":"type-product","3":"status-publish","4":"has-post-thumbnail","6":"product_cat-betriebsmittel","7":"product_cat-melkmaschinenreiniger-fluessig","9":"first","10":"instock","11":"taxable","12":"shipping-taxable","13":"purchasable","14":"product-type-simple"},"_links":{"self":[{"href":"https:\/\/www.vdmp.at\/betriebsmittel\/wp-json\/wp\/v2\/product\/418","targetHints":{"allow":["GET"]}}],"collection":[{"href":"https:\/\/www.vdmp.at\/betriebsmittel\/wp-json\/wp\/v2\/product"}],"about":[{"href":"https:\/\/www.vdmp.at\/betriebsmittel\/wp-json\/wp\/v2\/types\/product"}],"replies":[{"embeddable":true,"href":"https:\/\/www.vdmp.at\/betriebsmittel\/wp-json\/wp\/v2\/comments?post=418"}],"wp:featuredmedia":[{"embeddable":true,"href":"https:\/\/www.vdmp.at\/betriebsmittel\/wp-json\/wp\/v2\/media\/1608"}],"wp:attachment":[{"href":"https:\/\/www.vdmp.at\/betriebsmittel\/wp-json\/wp\/v2\/media?parent=418"}],"wp:term":[{"taxonomy":"product_brand","embeddable":true,"href":"https:\/\/www.vdmp.at\/betriebsmittel\/wp-json\/wp\/v2\/product_brand?post=418"},{"taxonomy":"product_cat","embeddable":true,"href":"https:\/\/www.vdmp.at\/betriebsmittel\/wp-json\/wp\/v2\/product_cat?post=418"},{"taxonomy":"product_tag","embeddable":true,"href":"https:\/\/www.vdmp.at\/betriebsmittel\/wp-json\/wp\/v2\/product_tag?post=418"}],"curies":[{"name":"wp","href":"https:\/\/api.w.org\/{rel}","templated":true}]}}