{"id":5412,"date":"2026-04-10T08:48:06","date_gmt":"2026-04-10T06:48:06","guid":{"rendered":"https:\/\/www.vdmp.at\/betriebsmittel\/?post_type=product&#038;p=5412"},"modified":"2026-04-10T09:21:34","modified_gmt":"2026-04-10T07:21:34","slug":"milli50-plus","status":"publish","type":"product","link":"https:\/\/www.vdmp.at\/betriebsmittel\/produkt\/milli50-plus\/","title":{"rendered":"Milli50 Plus 1 Palette = 30 S\u00e4cke"},"content":{"rendered":"<p><strong>Die \u00f6konomische, schmackhafte K\u00e4lbermilch<\/strong><\/p>\n<p><em><strong>1 Sack im Wert von EUR 68,00 inklusive bei Abnahme einer Palette<\/strong><\/em><\/p>\n<p>1 Palette = 30 S\u00e4cke (25 kg pro Sack)<\/p>\n<ul>\n<li>Magermilchpulver, Milch-Nebenerzeugnisse (insgesamt 50 % Magermilchanteil) und S\u00fc\u00dfmolkenpulver liefern optimales Eiwei\u00df f\u00fcr hohe t\u00e4gliche Zunahmen.<\/li>\n<li>Milchzucker versorgt das Kalb mit schnell verf\u00fcgbarer Energie zur Vorbeugung des gegenseitigen Besaugens.<\/li>\n<li>Probiotika stimulieren die Darmflora und tragen zur Verdr\u00e4ngung krankmachender Keime aus dem Verdauungstrakt bei.<\/li>\n<li>Eine ausgewogene Vitamin- und Wirkstoffkombination st\u00e4rkt die Widerstandsf\u00e4higkeit und unterst\u00fctzt den Stoffwechsel<\/li>\n<\/ul>\n","protected":false},"excerpt":{"rendered":"<p>Die \u00f6konomische, schmackhafte K\u00e4lbermilch 1 Sack im Wert von EUR [&hellip;]<\/p>\n","protected":false},"featured_media":5413,"comment_status":"open","ping_status":"closed","template":"","meta":[],"product_brand":[],"product_cat":[26,61],"product_tag":[],"class_list":{"0":"post-5412","1":"product","2":"type-product","3":"status-publish","4":"has-post-thumbnail","6":"product_cat-betriebsmittel","7":"product_cat-futtermittel","9":"first","10":"instock","11":"taxable","12":"shipping-taxable","13":"purchasable","14":"product-type-simple"},"_links":{"self":[{"href":"https:\/\/www.vdmp.at\/betriebsmittel\/wp-json\/wp\/v2\/product\/5412","targetHints":{"allow":["GET"]}}],"collection":[{"href":"https:\/\/www.vdmp.at\/betriebsmittel\/wp-json\/wp\/v2\/product"}],"about":[{"href":"https:\/\/www.vdmp.at\/betriebsmittel\/wp-json\/wp\/v2\/types\/product"}],"replies":[{"embeddable":true,"href":"https:\/\/www.vdmp.at\/betriebsmittel\/wp-json\/wp\/v2\/comments?post=5412"}],"wp:featuredmedia":[{"embeddable":true,"href":"https:\/\/www.vdmp.at\/betriebsmittel\/wp-json\/wp\/v2\/media\/5413"}],"wp:attachment":[{"href":"https:\/\/www.vdmp.at\/betriebsmittel\/wp-json\/wp\/v2\/media?parent=5412"}],"wp:term":[{"taxonomy":"product_brand","embeddable":true,"href":"https:\/\/www.vdmp.at\/betriebsmittel\/wp-json\/wp\/v2\/product_brand?post=5412"},{"taxonomy":"product_cat","embeddable":true,"href":"https:\/\/www.vdmp.at\/betriebsmittel\/wp-json\/wp\/v2\/product_cat?post=5412"},{"taxonomy":"product_tag","embeddable":true,"href":"https:\/\/www.vdmp.at\/betriebsmittel\/wp-json\/wp\/v2\/product_tag?post=5412"}],"curies":[{"name":"wp","href":"https:\/\/api.w.org\/{rel}","templated":true}]}}