{"id":5414,"date":"2026-04-10T09:16:50","date_gmt":"2026-04-10T07:16:50","guid":{"rendered":"https:\/\/www.vdmp.at\/betriebsmittel\/?post_type=product&#038;p=5414"},"modified":"2026-04-10T09:20:16","modified_gmt":"2026-04-10T07:20:16","slug":"sanolac-startino","status":"publish","type":"product","link":"https:\/\/www.vdmp.at\/betriebsmittel\/produkt\/sanolac-startino\/","title":{"rendered":"Sanolac Startino 1 Palette = 30 S\u00e4cke"},"content":{"rendered":"<p><strong>Die K\u00e4lbermilch f\u00fcr den metabolischen Sprint<\/strong><\/p>\n<p><strong><em>Bei Abnahme einer Palette Sanolac Startino einen Tr\u00e4nkeeimer gratis<\/em><\/strong><\/p>\n<p>1 Palette = 30 S\u00e4cke (25 kg pro Sack)<\/p>\n<ul>\n<li>Hochverdauliche Milchrohstoffe aus deutscher\/ westeurop\u00e4ischer Herkunft: Magermilchpulver (50 %) und S\u00fc\u00dfmolkenpulver liefern optimales Eiwei\u00df (Casein und Molkenprotein; keine pflanzliche Proteinquellen) zur Unterst\u00fctzung der Organentwicklung und des intensiven Wachstums des Kalbes.<\/li>\n<li>Feines Pflanzenfett mit einem Schmelzpunkt unterhalb der K\u00f6rpertemperatur verbessert die Verdaulichkeit.<\/li>\n<li>Milchzucker versorgt das Kalb mit schnell verf\u00fcgbarer Energie zur Vorbeugung des gegenseitigen Besaugens.<\/li>\n<li>Der Wirkstoff InPulSan zur F\u00f6rderung der gesunden Darmflora und St\u00e4rkung der Darm-Lunge-Achse<\/li>\n<li>Sehr hohe Gehalte an Probiotika stimulieren die Darmflora und tragen zur Verdr\u00e4ngung krankmachender Keime aus dem Verdauungstrakt bei.<\/li>\n<li>Eine ausgewogene Vitamin- und Wirkstoffkombination st\u00e4rkt die Widerstandsf\u00e4higkeit und unterst\u00fctzt den Stoffwechsel.<\/li>\n<li>AromiMilch\u00ae und ausgew\u00e4hlte Milchprodukte erh\u00f6hen die Schmackhaftigkeit.<\/li>\n<li>Gut geeignet f\u00fcr die ad libitum Tr\u00e4nke nach dem Sano Metabolic Sprint Konzept.<\/li>\n<li><\/li>\n<\/ul>\n","protected":false},"excerpt":{"rendered":"<p>Die K\u00e4lbermilch f\u00fcr den metabolischen Sprint Bei Abnahme einer Palette [&hellip;]<\/p>\n","protected":false},"featured_media":5415,"comment_status":"open","ping_status":"closed","template":"","meta":[],"product_brand":[],"product_cat":[26,61],"product_tag":[],"class_list":{"0":"post-5414","1":"product","2":"type-product","3":"status-publish","4":"has-post-thumbnail","6":"product_cat-betriebsmittel","7":"product_cat-futtermittel","9":"first","10":"instock","11":"taxable","12":"shipping-taxable","13":"purchasable","14":"product-type-simple"},"_links":{"self":[{"href":"https:\/\/www.vdmp.at\/betriebsmittel\/wp-json\/wp\/v2\/product\/5414","targetHints":{"allow":["GET"]}}],"collection":[{"href":"https:\/\/www.vdmp.at\/betriebsmittel\/wp-json\/wp\/v2\/product"}],"about":[{"href":"https:\/\/www.vdmp.at\/betriebsmittel\/wp-json\/wp\/v2\/types\/product"}],"replies":[{"embeddable":true,"href":"https:\/\/www.vdmp.at\/betriebsmittel\/wp-json\/wp\/v2\/comments?post=5414"}],"wp:featuredmedia":[{"embeddable":true,"href":"https:\/\/www.vdmp.at\/betriebsmittel\/wp-json\/wp\/v2\/media\/5415"}],"wp:attachment":[{"href":"https:\/\/www.vdmp.at\/betriebsmittel\/wp-json\/wp\/v2\/media?parent=5414"}],"wp:term":[{"taxonomy":"product_brand","embeddable":true,"href":"https:\/\/www.vdmp.at\/betriebsmittel\/wp-json\/wp\/v2\/product_brand?post=5414"},{"taxonomy":"product_cat","embeddable":true,"href":"https:\/\/www.vdmp.at\/betriebsmittel\/wp-json\/wp\/v2\/product_cat?post=5414"},{"taxonomy":"product_tag","embeddable":true,"href":"https:\/\/www.vdmp.at\/betriebsmittel\/wp-json\/wp\/v2\/product_tag?post=5414"}],"curies":[{"name":"wp","href":"https:\/\/api.w.org\/{rel}","templated":true}]}}